{"id":7290,"date":"2021-05-20T11:54:47","date_gmt":"2021-05-20T11:54:47","guid":{"rendered":"https:\/\/pablomaurizfotografia.com\/?post_type=product&#038;p=7290"},"modified":"2021-05-20T11:56:30","modified_gmt":"2021-05-20T11:56:30","slug":"amazing-place","status":"publish","type":"product","link":"https:\/\/pablomaurizfotografia.com\/index.php\/producto\/amazing-place\/","title":{"rendered":"In a Amazing Place"},"content":{"rendered":"<p>Siempre pens\u00e9 que las fotos son creadas para poder contemplar en papel.<\/p>\n<p>Y que mejor manera que hacerlo con mimo y en un soporte de calidad extraordinaria. Cada fotograf\u00eda impresa se hace por encargo, cuidando al m\u00e1ximo cada detalle.<\/p>\n<p>Cada fotograf\u00eda tiene una edici\u00f3n limitada de 50 copias, por lo que una vez completado el n\u00famero de copias no se volver\u00e1 a imprimir m\u00e1s. Con la impresi\u00f3n ir\u00e1 incluido un certificado de autenticidad numerado, con el n\u00famero de copia correspondiente al entregado.<\/p>\n<p>Cada impresi\u00f3n ir\u00e1 firmada y numerada personalmente.<\/p>\n<p>Todas las fotograf\u00edas son impresas en los mejores papeles, como el papel fotogr\u00e1fico Fujifilm Seda o los papeles FineArt Hahnem\u00fchle seleccionados con precisi\u00f3n para maximizar cada detalle, y se utilizan perfiles ICC personalizados en mi flujo de trabajo para garantizar resultados de color absolutamente fieles.<\/p>\n<p>A menos que se solicite lo contrario, la impresi\u00f3n se realiza dejando un paspart\u00fa blanco natural para que se pueda enmarcar m\u00e1s f\u00e1cilmente.<\/p>\n<p>Tambi\u00e9n se podr\u00e1n solicitar impresiones en diferentes formatos y soportes.<\/p>\n<p>Solicita informaci\u00f3n sobre otros formatos y soportes escribi\u00e9ndome al correo <a href=\"mailto:contacto@pablomaurizfotografia.com\">contacto@pablomaurizfotografia.com<\/a> o mediante el <a href=\"https:\/\/pablomaurizfotografia.com\/index.php\/pages\/contacto\/\">formulario de contacto<\/a> y estar\u00e9 encantado de poder ayudarte.<\/p>\n","protected":false},"excerpt":{"rendered":"<ul>\n<li>Fabricado en Espa\u00f1a<\/li>\n<li>Impreso en papeles de gran calidad<\/li>\n<li>Cada impresi\u00f3n est\u00e1 firmada<\/li>\n<li>Disponible en tama\u00f1os personalizados<\/li>\n<li>Disponible en otros soportes (aluminio, lienzo, metacrilato&#8230;)<\/li>\n<\/ul>\n<p>&nbsp;<\/p>\n","protected":false},"featured_media":7287,"comment_status":"open","ping_status":"closed","template":"","meta":[],"product_cat":[56],"product_tag":[],"class_list":{"0":"post-7290","1":"product","2":"type-product","3":"status-publish","4":"has-post-thumbnail","6":"product_cat-mar","7":"pa_papel-german-etching","8":"pa_papel-papel-seda","9":"pa_papel-photo-rag","11":"first","12":"instock","13":"shipping-taxable","14":"purchasable","15":"product-type-variable"},"_links":{"self":[{"href":"https:\/\/pablomaurizfotografia.com\/index.php\/wp-json\/wp\/v2\/product\/7290","targetHints":{"allow":["GET"]}}],"collection":[{"href":"https:\/\/pablomaurizfotografia.com\/index.php\/wp-json\/wp\/v2\/product"}],"about":[{"href":"https:\/\/pablomaurizfotografia.com\/index.php\/wp-json\/wp\/v2\/types\/product"}],"replies":[{"embeddable":true,"href":"https:\/\/pablomaurizfotografia.com\/index.php\/wp-json\/wp\/v2\/comments?post=7290"}],"wp:featuredmedia":[{"embeddable":true,"href":"https:\/\/pablomaurizfotografia.com\/index.php\/wp-json\/wp\/v2\/media\/7287"}],"wp:attachment":[{"href":"https:\/\/pablomaurizfotografia.com\/index.php\/wp-json\/wp\/v2\/media?parent=7290"}],"wp:term":[{"taxonomy":"product_cat","embeddable":true,"href":"https:\/\/pablomaurizfotografia.com\/index.php\/wp-json\/wp\/v2\/product_cat?post=7290"},{"taxonomy":"product_tag","embeddable":true,"href":"https:\/\/pablomaurizfotografia.com\/index.php\/wp-json\/wp\/v2\/product_tag?post=7290"}],"curies":[{"name":"wp","href":"https:\/\/api.w.org\/{rel}","templated":true}]}}